{"id":1207,"date":"2022-11-22T16:39:29","date_gmt":"2022-11-22T15:39:29","guid":{"rendered":"https:\/\/wiloclub.it\/prodotto\/rosato-igt-2020\/"},"modified":"2024-08-19T16:23:28","modified_gmt":"2024-08-19T14:23:28","slug":"rosato-igt-ciliegio","status":"publish","type":"product","link":"https:\/\/wiloclub.it\/it\/prodotto\/rosato-igt-ciliegio\/","title":{"rendered":"Rosato IGT"},"content":{"rendered":"<p>ROSATO \u2013 The IGT Tuscan Ros\u00e9 Wine is a type of product that the market is increasingly appreciating. The dry ros\u00e9 table wines are, in fact, the ideal accompaniment for every day. Our ros\u00e9 wine is a simple but quality wine, produced in Tuscany with the bloodletting of Sangiovese grapes, through vineyards with 5,500 plants per hectare and production of 80 quintals of grapes per hectare.<br \/>\nThe Tuscan IGT Ros\u00e9 Wine has a light pink color, with a delicate and fresh scent, with notes of cherry, pomegranate, and poppy. The flavor is soft, delicate, fresh, and persistent. It goes perfectly with mixed appetizers of crostini and salami, first courses, white meats, fish, crustaceans, and fresh cheeses.<br \/>\nTo be served at a temperature of 10 \u00b0 C.<br \/>\nIt has an alcohol content of 12.5%.<\/p>\n<h6>Production method<\/h6>\n<p>After the manual harvest, the must undergoes a slow fermentation in stainless steel tanks and at low temperatures (below 20 \u00b0 C) as for the IGT Tuscan White Wine. The difference consists in the separation of the skins from the fermenting must as soon as the right intensity of pink color is obtained. At the end of the vinification, the product ages in stainless steel tanks for 4 months. This is followed by refinement in the bottle, for at least 2 months, before being released for consumption.<\/p>","protected":false},"excerpt":{"rendered":"<p>Delicate and fresh scent, with notes of cherry, pomegranate, and poppy.<\/p>","protected":false},"featured_media":1817,"comment_status":"open","ping_status":"closed","template":"","meta":{"_acf_changed":false,"_et_pb_use_builder":"","_et_pb_old_content":"","_et_gb_content_width":""},"product_brand":[],"product_cat":[39,38],"product_tag":[50,23,32],"class_list":{"0":"post-1207","1":"product","2":"type-product","3":"status-publish","4":"has-post-thumbnail","6":"product_cat-rose-wine","7":"product_cat-wine","8":"product_tag-rose","9":"product_tag-sangiovese","10":"product_tag-tuscany","11":"product_shipping_class-alcoholic","13":"first","14":"outofstock","15":"shipping-taxable","16":"purchasable","17":"product-type-simple"},"acf":[],"yoast_head":"<!-- This site is optimized with the Yoast SEO plugin v23.4 - https:\/\/yoast.com\/wordpress\/plugins\/seo\/ -->\n<title>Rosato IGT - WiLo Club<\/title>\n<meta name=\"robots\" content=\"index, follow, max-snippet:-1, max-image-preview:large, max-video-preview:-1\" \/>\n<link rel=\"canonical\" href=\"https:\/\/wiloclub.it\/it\/prodotto\/rosato-igt-ciliegio\/\" \/>\n<meta property=\"og:locale\" content=\"it_IT\" \/>\n<meta property=\"og:type\" content=\"article\" \/>\n<meta property=\"og:title\" content=\"Rosato IGT - WiLo Club\" \/>\n<meta property=\"og:description\" content=\"Delicate and fresh scent, with notes of cherry, pomegranate, and poppy.\" \/>\n<meta property=\"og:url\" content=\"https:\/\/wiloclub.it\/it\/prodotto\/rosato-igt-ciliegio\/\" \/>\n<meta property=\"og:site_name\" content=\"WiLo Club\" \/>\n<meta property=\"article:modified_time\" content=\"2024-08-19T14:23:28+00:00\" \/>\n<meta property=\"og:image\" content=\"http:\/\/wiloclub.it\/wp-content\/uploads\/2022\/11\/Il-Ciliegio-Rosato.png\" \/>\n\t<meta property=\"og:image:width\" content=\"1000\" \/>\n\t<meta property=\"og:image:height\" content=\"1000\" \/>\n\t<meta property=\"og:image:type\" content=\"image\/png\" \/>\n<meta name=\"twitter:card\" content=\"summary_large_image\" \/>\n<meta name=\"twitter:label1\" content=\"Tempo di lettura stimato\" \/>\n\t<meta name=\"twitter:data1\" content=\"1 minuto\" \/>\n<script type=\"application\/ld+json\" class=\"yoast-schema-graph\">{\"@context\":\"https:\/\/schema.org\",\"@graph\":[{\"@type\":\"WebPage\",\"@id\":\"https:\/\/wiloclub.it\/prodotto\/rosato-igt-ciliegio\/\",\"url\":\"https:\/\/wiloclub.it\/prodotto\/rosato-igt-ciliegio\/\",\"name\":\"Rosato IGT - WiLo Club\",\"isPartOf\":{\"@id\":\"https:\/\/wiloclub.it\/#website\"},\"primaryImageOfPage\":{\"@id\":\"https:\/\/wiloclub.it\/prodotto\/rosato-igt-ciliegio\/#primaryimage\"},\"image\":{\"@id\":\"https:\/\/wiloclub.it\/prodotto\/rosato-igt-ciliegio\/#primaryimage\"},\"thumbnailUrl\":\"https:\/\/wiloclub.it\/wp-content\/uploads\/2022\/11\/Il-Ciliegio-Rosato.png\",\"datePublished\":\"2022-11-22T15:39:29+00:00\",\"dateModified\":\"2024-08-19T14:23:28+00:00\",\"breadcrumb\":{\"@id\":\"https:\/\/wiloclub.it\/prodotto\/rosato-igt-ciliegio\/#breadcrumb\"},\"inLanguage\":\"it-IT\",\"potentialAction\":[{\"@type\":\"ReadAction\",\"target\":[\"https:\/\/wiloclub.it\/prodotto\/rosato-igt-ciliegio\/\"]}]},{\"@type\":\"ImageObject\",\"inLanguage\":\"it-IT\",\"@id\":\"https:\/\/wiloclub.it\/prodotto\/rosato-igt-ciliegio\/#primaryimage\",\"url\":\"https:\/\/wiloclub.it\/wp-content\/uploads\/2022\/11\/Il-Ciliegio-Rosato.png\",\"contentUrl\":\"https:\/\/wiloclub.it\/wp-content\/uploads\/2022\/11\/Il-Ciliegio-Rosato.png\",\"width\":1000,\"height\":1000},{\"@type\":\"BreadcrumbList\",\"@id\":\"https:\/\/wiloclub.it\/prodotto\/rosato-igt-ciliegio\/#breadcrumb\",\"itemListElement\":[{\"@type\":\"ListItem\",\"position\":1,\"name\":\"Home\",\"item\":\"https:\/\/wiloclub.it\/\"},{\"@type\":\"ListItem\",\"position\":2,\"name\":\"Shop\",\"item\":\"https:\/\/wiloclub.it\/shop\/\"},{\"@type\":\"ListItem\",\"position\":3,\"name\":\"Rosato IGT\"}]},{\"@type\":\"WebSite\",\"@id\":\"https:\/\/wiloclub.it\/#website\",\"url\":\"https:\/\/wiloclub.it\/\",\"name\":\"WiLo Club\",\"description\":\"Taste, scan, enjoy at home\",\"potentialAction\":[{\"@type\":\"SearchAction\",\"target\":{\"@type\":\"EntryPoint\",\"urlTemplate\":\"https:\/\/wiloclub.it\/?s={search_term_string}\"},\"query-input\":{\"@type\":\"PropertyValueSpecification\",\"valueRequired\":true,\"valueName\":\"search_term_string\"}}],\"inLanguage\":\"it-IT\"}]}<\/script>\n<!-- \/ Yoast SEO plugin. -->","yoast_head_json":{"title":"Rosato IGT - WiLo Club","robots":{"index":"index","follow":"follow","max-snippet":"max-snippet:-1","max-image-preview":"max-image-preview:large","max-video-preview":"max-video-preview:-1"},"canonical":"https:\/\/wiloclub.it\/it\/prodotto\/rosato-igt-ciliegio\/","og_locale":"it_IT","og_type":"article","og_title":"Rosato IGT - WiLo Club","og_description":"Delicate and fresh scent, with notes of cherry, pomegranate, and poppy.","og_url":"https:\/\/wiloclub.it\/it\/prodotto\/rosato-igt-ciliegio\/","og_site_name":"WiLo Club","article_modified_time":"2024-08-19T14:23:28+00:00","og_image":[{"width":1000,"height":1000,"url":"http:\/\/wiloclub.it\/wp-content\/uploads\/2022\/11\/Il-Ciliegio-Rosato.png","type":"image\/png"}],"twitter_card":"summary_large_image","twitter_misc":{"Tempo di lettura stimato":"1 minuto"},"schema":{"@context":"https:\/\/schema.org","@graph":[{"@type":"WebPage","@id":"https:\/\/wiloclub.it\/prodotto\/rosato-igt-ciliegio\/","url":"https:\/\/wiloclub.it\/prodotto\/rosato-igt-ciliegio\/","name":"Rosato IGT - WiLo Club","isPartOf":{"@id":"https:\/\/wiloclub.it\/#website"},"primaryImageOfPage":{"@id":"https:\/\/wiloclub.it\/prodotto\/rosato-igt-ciliegio\/#primaryimage"},"image":{"@id":"https:\/\/wiloclub.it\/prodotto\/rosato-igt-ciliegio\/#primaryimage"},"thumbnailUrl":"https:\/\/wiloclub.it\/wp-content\/uploads\/2022\/11\/Il-Ciliegio-Rosato.png","datePublished":"2022-11-22T15:39:29+00:00","dateModified":"2024-08-19T14:23:28+00:00","breadcrumb":{"@id":"https:\/\/wiloclub.it\/prodotto\/rosato-igt-ciliegio\/#breadcrumb"},"inLanguage":"it-IT","potentialAction":[{"@type":"ReadAction","target":["https:\/\/wiloclub.it\/prodotto\/rosato-igt-ciliegio\/"]}]},{"@type":"ImageObject","inLanguage":"it-IT","@id":"https:\/\/wiloclub.it\/prodotto\/rosato-igt-ciliegio\/#primaryimage","url":"https:\/\/wiloclub.it\/wp-content\/uploads\/2022\/11\/Il-Ciliegio-Rosato.png","contentUrl":"https:\/\/wiloclub.it\/wp-content\/uploads\/2022\/11\/Il-Ciliegio-Rosato.png","width":1000,"height":1000},{"@type":"BreadcrumbList","@id":"https:\/\/wiloclub.it\/prodotto\/rosato-igt-ciliegio\/#breadcrumb","itemListElement":[{"@type":"ListItem","position":1,"name":"Home","item":"https:\/\/wiloclub.it\/"},{"@type":"ListItem","position":2,"name":"Shop","item":"https:\/\/wiloclub.it\/shop\/"},{"@type":"ListItem","position":3,"name":"Rosato IGT"}]},{"@type":"WebSite","@id":"https:\/\/wiloclub.it\/#website","url":"https:\/\/wiloclub.it\/","name":"WiLo Club","description":"Taste, scan, enjoy at home","potentialAction":[{"@type":"SearchAction","target":{"@type":"EntryPoint","urlTemplate":"https:\/\/wiloclub.it\/?s={search_term_string}"},"query-input":{"@type":"PropertyValueSpecification","valueRequired":true,"valueName":"search_term_string"}}],"inLanguage":"it-IT"}]}},"_links":{"self":[{"href":"https:\/\/wiloclub.it\/it\/wp-json\/wp\/v2\/product\/1207","targetHints":{"allow":["GET"]}}],"collection":[{"href":"https:\/\/wiloclub.it\/it\/wp-json\/wp\/v2\/product"}],"about":[{"href":"https:\/\/wiloclub.it\/it\/wp-json\/wp\/v2\/types\/product"}],"replies":[{"embeddable":true,"href":"https:\/\/wiloclub.it\/it\/wp-json\/wp\/v2\/comments?post=1207"}],"wp:featuredmedia":[{"embeddable":true,"href":"https:\/\/wiloclub.it\/it\/wp-json\/wp\/v2\/media\/1817"}],"wp:attachment":[{"href":"https:\/\/wiloclub.it\/it\/wp-json\/wp\/v2\/media?parent=1207"}],"wp:term":[{"taxonomy":"product_brand","embeddable":true,"href":"https:\/\/wiloclub.it\/it\/wp-json\/wp\/v2\/product_brand?post=1207"},{"taxonomy":"product_cat","embeddable":true,"href":"https:\/\/wiloclub.it\/it\/wp-json\/wp\/v2\/product_cat?post=1207"},{"taxonomy":"product_tag","embeddable":true,"href":"https:\/\/wiloclub.it\/it\/wp-json\/wp\/v2\/product_tag?post=1207"}],"curies":[{"name":"wp","href":"https:\/\/api.w.org\/{rel}","templated":true}]}}